{"id":2129,"date":"2021-01-12T17:16:09","date_gmt":"2021-01-12T15:16:09","guid":{"rendered":"https:\/\/mma.graftik.lv\/?page_id=2129"},"modified":"2026-02-17T14:31:46","modified_gmt":"2026-02-17T12:31:46","slug":"contacts","status":"publish","type":"page","link":"https:\/\/memorialiemuzeji.lv\/en\/contacts\/","title":{"rendered":"Contacts"},"content":{"rendered":"\n<p>Registered address: Oj\u0101ra V\u0101cie\u0161a iela 19, R\u012bga, LV 1004<br>Actual address: Meistaru iela 10, R\u012bga, LV 1050<br>e-mail: a&#112;&#118;&#x69;&#x65;&#x6e;ib&#97;&#64;&#x6d;&#x6d;&#x61;&#46;&#103;&#111;&#118;&#x2e;&#x6c;&#x76;<br>Registration No. 90009175706<br>Bank: Valsts kase<br>Code: TRELLV22<br>Account: LV31TREL2220655004000<br>Account for Donations: LV08TREL7220655003000<\/p>\n\n\n\n<p><strong>Director<\/strong><br>Rita Meinerte<br>+371 67229980; +371 29486114; r&#105;&#116;&#x61;&#x2e;&#x6d;ei&#110;&#101;&#x72;&#x74;&#x65;&#64;&#109;&#109;&#97;&#x2e;&#x67;&#x6f;v&#46;&#108;&#x76;<\/p>\n\n\n\n<p><strong>Deputy Director for Development<\/strong><br>Sanita Kossovi\u010da<br>+371 67229980; +371 29486114; &#x73;&#x61;&#x6e;&#x69;&#x74;&#x61;&#x2e;&#x6b;&#x6f;&#x73;&#x73;&#x6f;&#x76;&#x69;&#x63;&#x61;&#x40;&#x6d;&#x6d;&#x61;&#x2e;&#x67;&#111;&#118;&#46;&#108;&#118;<\/p>\n\n\n\n<p><strong>Chief Accountant<\/strong><br>Baiba Pu\u0137\u012bte<br>+371 67229980; +371 29486114; b&#97;&#105;&#98;&#x61;&#x2e;&#x70;uk&#105;&#116;&#x65;&#x40;&#x6d;&#x6d;a&#46;&#103;&#111;&#x76;&#x2e;&#x6c;&#x76;<\/p>\n\n\n\n<p><strong>Communication Specialist<br><\/strong>Zane Grudule<br>+371 67229980; +371 29486114; komu&#110;&#105;&#107;&#97;&#99;&#x69;&#x6a;&#x61;&#x40;&#x6d;&#x6d;&#x61;&#46;gov&#46;&#108;&#118;<\/p>\n\n\n\n<p><strong>Personnel Specialist<\/strong><br>L\u012bga Miku\u010devska<br>+371 67618775; +371 29161206; &#x70;&#x65;&#x72;&#x73;&#x6f;&#x6e;&#x61;&#x6c;&#x73;&#x40;&#x6d;&#109;&#97;&#46;&#103;&#111;&#118;&#46;lv<\/p>\n\n\n\n<p><strong>Artist<\/strong><br>Ints Sedlenieks<br>+371 67618775; +371 29161206; &#x69;n&#x74;&#115;&#x2e;&#115;e&#x64;&#108;&#x65;&#110;i&#x65;&#107;&#x73;&#64;m&#x6d;a&#x2e;&#103;&#x6f;&#x76;&#46;&#x6c;&#118;<\/p>\n\n\n\n<p><strong>IT Specialist<\/strong><br>Uldis Lapi\u0146\u0161<br>+371 67618775; +371 29161206; u&#108;&#x64;&#x69;&#x73;&#46;&#108;&#97;&#x70;&#x69;n&#115;&#64;&#x6b;&#x69;sc&#46;&#x67;&#x6f;&#x76;&#46;&#108;&#x76;<\/p>\n\n\n\n<p><strong>Procurement and Technical Support<\/strong><br>Vija Los\u0101ne<br>+371 67618775; +371 29161206; &#x73;&#x61;&#105;mn&#x69;&#x65;&#99;&#105;b&#x61;&#x40;&#109;&#109;a&#x2e;&#x67;&#x6f;&#118;&#46;l&#x76;<br>Dainis Rep\u0161a<br>+371 67618775; +371 29161206; &#115;&#97;&#x69;m&#110;&#x69;&#x65;c&#105;&#x62;&#x61;&#64;&#109;&#x6d;&#x61;&#46;&#103;&#x6f;&#x76;&#46;&#108;&#x76;<\/p>\n","protected":false},"excerpt":{"rendered":"<p>Registered address: Oj\u0101ra V\u0101cie\u0161a iela 19, R\u012bga, LV 1004Actual address: Meistaru iela 10, R\u012bga, LV 1050e-mail: &#x61;&#x70;&#x76;&#x69;&#x65;&#x6e;&#x69;&#x62;&#x61;&#x40;&#x6d;&#x6d;&#x61;&#x2e;&#103;&#111;&#118;&#46;&#108;&#118;Registration No. 90009175706Bank: Valsts [&hellip;]<\/p>\n","protected":false},"author":3,"featured_media":0,"parent":0,"menu_order":0,"comment_status":"closed","ping_status":"closed","template":"template-contacts.php","meta":{"footnotes":""},"class_list":["post-2129","page","type-page","status-publish","hentry"],"_links":{"self":[{"href":"https:\/\/memorialiemuzeji.lv\/en\/wp-json\/wp\/v2\/pages\/2129","targetHints":{"allow":["GET"]}}],"collection":[{"href":"https:\/\/memorialiemuzeji.lv\/en\/wp-json\/wp\/v2\/pages"}],"about":[{"href":"https:\/\/memorialiemuzeji.lv\/en\/wp-json\/wp\/v2\/types\/page"}],"author":[{"embeddable":true,"href":"https:\/\/memorialiemuzeji.lv\/en\/wp-json\/wp\/v2\/users\/3"}],"replies":[{"embeddable":true,"href":"https:\/\/memorialiemuzeji.lv\/en\/wp-json\/wp\/v2\/comments?post=2129"}],"version-history":[{"count":6,"href":"https:\/\/memorialiemuzeji.lv\/en\/wp-json\/wp\/v2\/pages\/2129\/revisions"}],"predecessor-version":[{"id":9079,"href":"https:\/\/memorialiemuzeji.lv\/en\/wp-json\/wp\/v2\/pages\/2129\/revisions\/9079"}],"wp:attachment":[{"href":"https:\/\/memorialiemuzeji.lv\/en\/wp-json\/wp\/v2\/media?parent=2129"}],"curies":[{"name":"wp","href":"https:\/\/api.w.org\/{rel}","templated":true}]}}